{"id":1382,"date":"2024-07-03T12:25:42","date_gmt":"2024-07-03T12:25:42","guid":{"rendered":"https:\/\/montsell.com\/es\/?page_id=1382"},"modified":"2024-07-03T12:31:20","modified_gmt":"2024-07-03T12:31:20","slug":"politica-de-cookies","status":"publish","type":"page","link":"https:\/\/montsell.com\/es\/politica-de-cookies\/","title":{"rendered":"Pol\u00edtica de cookies"},"content":{"rendered":"\t\t<div data-elementor-type=\"wp-page\" data-elementor-id=\"1382\" class=\"elementor elementor-1382\">\n\t\t\t\t\t\t<section class=\"elementor-section elementor-top-section elementor-element elementor-element-7cb27c23 elementor-section-boxed elementor-section-height-default elementor-section-height-default\" data-id=\"7cb27c23\" data-element_type=\"section\" data-e-type=\"section\">\n\t\t\t\t\t\t<div class=\"elementor-container elementor-column-gap-default\">\n\t\t\t\t\t<div class=\"elementor-column elementor-col-100 elementor-top-column elementor-element elementor-element-5307f20e\" data-id=\"5307f20e\" data-element_type=\"column\" data-e-type=\"column\">\n\t\t\t<div class=\"elementor-widget-wrap elementor-element-populated\">\n\t\t\t\t\t\t<div class=\"elementor-element elementor-element-028739f elementor-widget elementor-widget-heading\" data-id=\"028739f\" data-element_type=\"widget\" data-e-type=\"widget\" data-widget_type=\"heading.default\">\n\t\t\t\t<div class=\"elementor-widget-container\">\n\t\t\t\t\t<h2 class=\"elementor-heading-title elementor-size-default\">Pol\u00edtica de cookies<\/h2>\t\t\t\t<\/div>\n\t\t\t\t<\/div>\n\t\t\t\t<div class=\"elementor-element elementor-element-7197cce9 elementor-widget elementor-widget-text-editor\" data-id=\"7197cce9\" data-element_type=\"widget\" data-e-type=\"widget\" data-widget_type=\"text-editor.default\">\n\t\t\t\t<div class=\"elementor-widget-container\">\n\t\t\t\t\t\t\t\t\t<p><\/p>\n<p>\u00a0<\/p>\n<p><\/p>\n<p><\/p>\n<p>Esta p\u00e1gina web es titularidad de MONTSERRAT MONLLAU y en ella se instalan cookies propias y de terceros, de acuerdo con lo dispuesto en la presente Pol\u00edtica. Asimismo, podr\u00e1s configurar las cookies que quieres instalar, entre diferentes categor\u00edas.<\/p>\n<p><br \/>Mediante la configuraci\u00f3n de las cookies o la aceptaci\u00f3n del Aviso de Cookies, est\u00e1s autorizando la instalaci\u00f3n de las cookies informadas o configuradas (salvo que hayas rechazado las mismas o hayas modificado la configuraci\u00f3n de tu navegador para rechazar todas o determinadas cookies por defecto).<\/p>\n<p><br \/>Puedes permitir o bloquear las cookies, as\u00ed como borrar tus datos de navegaci\u00f3n (incluidas las cookies) desde el navegador que utilizas.<\/p>\n<p>\u00a0<\/p>\n<p>Consulta las opciones e instrucciones que ofrece tu navegador para ello. Ten en cuenta que, si aceptas las cookies de terceros, deber\u00e1s eliminarlas desde las opciones del navegador.<\/p>\n<p><\/p>\n<p><\/p>\n<p>\u00a0<\/p>\n<p><strong>Responsable del tratamiento de tus cookies<\/strong><br \/>La propietaria de esta web:<br \/>Raz\u00f3n social: MONTSERRAT MONLLAU<br \/>Nombre comercial: MONTSELL, MSLL o MONTSE MONLLAU<br \/>NIF: 39710511E<br \/>Direcci\u00f3n: Apodaca, 5A 3-3 Tarragona Espa\u00f1a<br \/>web: montsell.com<br \/>Mail: news@montsell.com<\/p>\n<p>\u00a0<\/p>\n<p><\/p>\n<p><\/p>\n<p><strong>Sobre qu\u00e9 es una cookie y qu\u00e9 informaci\u00f3n almacena<\/strong><br \/>Una \u201ccookie\u201d es una peque\u00f1a cantidad de texto que se almacena en tu navegador (como Chrome de Google o Safari de Apple) cuando navegas por la mayor\u00eda de los sitios web.<br \/>En general hay tres tipos de cookies: de an\u00e1lisis de usuarios, de funcionamiento web y las publicitarias.<\/p>\n<p><br \/>Las cookies de an\u00e1lisis de usuarios rastrean el uso que haces (an\u00f3nimamente o no) en una web, lo que visitas, el orden en el que visitas, el tiempo que est\u00e1s en una misma p\u00e1gina, ubicaci\u00f3n geogr\u00e1fica, incluso edad o sexo dependiendo de la aceptaci\u00f3n de pol\u00edticas de privacidad que hayas realizado en otras plataformas, Google, Facebook, Bing, etc.<\/p>\n<p><br \/>Las cookies de funcionamiento de una web sirven para configurar las funciones que tiene dicha web, por ejemplo, si pulsas un bot\u00f3n de compra, que el producto se a\u00f1ada al carrito de la compra y puedas seguir navegando sin perder el producto a\u00f1adido, incluso si sales del sitio web y vuelves en un tiempo determinado.<\/p>\n<p><br \/>Las cookies publicitarias, sirven para ejecutar acciones de marketing, por ejemplo, si ves un producto de una tienda y sales de ella, que sigas viendo ese y otros productos de esa tienda en otros sitios web, buscadores web o cualquier otro sitio donde se permita la publicidad.<\/p>\n<p><br \/>Las cookies no suelen almacenar informaci\u00f3n sensible sobre ti, como tarjetas de cr\u00e9dito o datos bancarios, fotograf\u00edas o informaci\u00f3n personal, etc. Los datos que guardan son de car\u00e1cter t\u00e9cnico, estad\u00edsticos, preferencias personales, personalizaci\u00f3n de contenidos, etc.<\/p>\n<p><br \/>El servidor web no te asocia a ti como persona sino a tu navegador web.<\/p>\n<p>\u00a0<\/p>\n<p><\/p>\n<p><\/p>\n<p><strong>Cookies aceptadas por la normativa y cookies exceptuadas<\/strong><br \/>Seg\u00fan la directiva de la UE, las cookies que requieren el consentimiento informado por parte del usuario son las cookies de anal\u00edtica y las de publicidad, quedando exceptuadas las de car\u00e1cter t\u00e9cnico y las necesarias para el funcionamiento del sitio web o la prestaci\u00f3n de servicios expresamente solicitados por el usuario.<\/p>\n<p><br \/><strong>Finalidades<\/strong>: Los datos recabados a trav\u00e9s de las cookies de esta web ser\u00e1n tratados de acuerdo con las finalidades indicadas en las descripciones de cada una de las cookies de la presente Pol\u00edtica de Cookies.<\/p>\n<p><br \/><strong>Base de legitimaci\u00f3n<\/strong>: Para la instalaci\u00f3n de las cookies es necesario su consentimiento, a excepci\u00f3n de las cookies estrictamente necesarias para el correcto funcionamiento de la web (cookies t\u00e9cnicas) que est\u00e1n exentas de consentimiento de acuerdo con lo establecido en la normativa y expresado en este apartado.<\/p>\n<p><br \/><strong>Plazos de conservaci\u00f3n<\/strong>: Los diferentes servicios o cookies pueden tener plazos diferentes de conservaci\u00f3n de los datos (o caducidad de la propia cookie). Se encuentran definidos en el propio m\u00f3dulo de configuraci\u00f3n de cookies.<\/p>\n<p><br \/><strong>Comunicaci\u00f3n de tus datos<\/strong>: Los datos de los usuarios podr\u00e1n ser tratados por el responsable de esta web y por terceros que instalan cookies (cookies de terceros), de acuerdo con sus propias pol\u00edticas de privacidad.<\/p>\n<p>\u00a0<\/p>\n<p><\/p>\n<p><\/p>\n<p><strong>Cookies que utiliza esta web<\/strong><br \/>Esta web utiliza cookies propias y de terceros. En este sitio web se utilizan las siguientes cookies que se detallan a continuaci\u00f3n.<\/p>\n<p><br \/><strong>Cookies funcionales<\/strong>: Las cookies funcionales hacen que el sitio web funcione correctamente.<br \/>Esta web utiliza las siguientes cookies de terceros. Algunas de las cookies de terceros son de servicios de terceros que se utilizan para prestar el servicio en esta p\u00e1gina web.<\/p>\n<p>\u00a0<\/p>\n<p>Servicios externos tales como:<br \/>&#8211; Stripe.com para toda la gesti\u00f3n del proceso de compra y pago de los productos.<br \/>&#8211; Beehiiv.com para la inscripci\u00f3n de nuevos usuarios a la newsletter NUDO alojada en sus servidores y accesible a trav\u00e9s de http:\/\/montsell.beehiiv.com<br \/>&#8211; Plugins de WordPress<\/p>\n<p>\u00a0<\/p>\n<p><strong>Cookies anal\u00edticas<\/strong>: Las cookies anal\u00edticas y de estad\u00edstica nos ayudan a comprender c\u00f3mo interact\u00faan los visitantes con nuestra web reuniendo y proporcionando informaci\u00f3n de forma an\u00f3nima. Usamos Google Analytics para estad\u00edsticas del sitio web. Para m\u00e1s informaci\u00f3n, por favor, lee la pol\u00edtica de privacidad de Google Analytics.<\/p>\n<p>\u00a0<\/p>\n<p><\/p>\n<p><\/p>\n<p><strong>C\u00f3mo puedes controlar las cookies<\/strong><br \/>La mayor\u00eda de los navegadores permite a los usuarios controlar las cookies mediante las preferencias de configuraci\u00f3n, es posible que se resienta la experiencia general de uso, ya que no ser\u00e1 una experiencia personalizada.<\/p>\n<p>Puedes consultar el reglamento sobre cookies publicado por la Agencia Espa\u00f1ola de Protecci\u00f3n de Datos en su \u201cGu\u00eda sobre el uso de las cookies\u201d y obtener m\u00e1s informaci\u00f3n sobre las cookies en Internet <a href=\"http:\/\/www.aboutcookies.org\">http:\/\/www.aboutcookies.org<\/a>\/<\/p>\n<p>\u00a0<\/p>\n<p><\/p>\n<p><\/p>\n<p>Gracias por tu confianza y buenos d\u00edas<br \/>MONTSE MONLLAU<\/p>\n<p><\/p>\t\t\t\t\t\t\t\t<\/div>\n\t\t\t\t<\/div>\n\t\t\t\t\t<\/div>\n\t\t<\/div>\n\t\t\t\t\t<\/div>\n\t\t<\/section>\n\t\t\t\t<\/div>\n\t\t","protected":false},"excerpt":{"rendered":"<p>Pol\u00edtica de cookies \u00a0 Esta p\u00e1gina web es titularidad de MONTSERRAT MONLLAU y en ella se instalan cookies propias y de terceros, de acuerdo con lo dispuesto en la presente Pol\u00edtica. Asimismo, podr\u00e1s configurar las cookies que quieres instalar, entre diferentes categor\u00edas. Mediante la configuraci\u00f3n de las cookies o la aceptaci\u00f3n del Aviso de Cookies,&hellip; <a class=\"more-link\" href=\"https:\/\/montsell.com\/es\/politica-de-cookies\/\">Seguir leyendo <span class=\"screen-reader-text\">Pol\u00edtica de cookies<\/span><\/a><\/p>\n","protected":false},"author":1,"featured_media":0,"parent":0,"menu_order":0,"comment_status":"closed","ping_status":"closed","template":"","meta":{"om_disable_all_campaigns":false,"_uf_show_specific_survey":0,"_uf_disable_surveys":false,"footnotes":""},"class_list":["post-1382","page","type-page","status-publish","hentry","entry"],"aioseo_notices":[],"_links":{"self":[{"href":"https:\/\/montsell.com\/es\/wp-json\/wp\/v2\/pages\/1382","targetHints":{"allow":["GET"]}}],"collection":[{"href":"https:\/\/montsell.com\/es\/wp-json\/wp\/v2\/pages"}],"about":[{"href":"https:\/\/montsell.com\/es\/wp-json\/wp\/v2\/types\/page"}],"author":[{"embeddable":true,"href":"https:\/\/montsell.com\/es\/wp-json\/wp\/v2\/users\/1"}],"replies":[{"embeddable":true,"href":"https:\/\/montsell.com\/es\/wp-json\/wp\/v2\/comments?post=1382"}],"version-history":[{"count":4,"href":"https:\/\/montsell.com\/es\/wp-json\/wp\/v2\/pages\/1382\/revisions"}],"predecessor-version":[{"id":1386,"href":"https:\/\/montsell.com\/es\/wp-json\/wp\/v2\/pages\/1382\/revisions\/1386"}],"wp:attachment":[{"href":"https:\/\/montsell.com\/es\/wp-json\/wp\/v2\/media?parent=1382"}],"curies":[{"name":"wp","href":"https:\/\/api.w.org\/{rel}","templated":true}]}}