{"id":1361,"date":"2024-07-03T11:55:48","date_gmt":"2024-07-03T11:55:48","guid":{"rendered":"https:\/\/montsell.com\/es\/?page_id=1361"},"modified":"2025-05-04T18:45:32","modified_gmt":"2025-05-04T18:45:32","slug":"aviso-legal","status":"publish","type":"page","link":"https:\/\/montsell.com\/es\/aviso-legal\/","title":{"rendered":"Aviso legal"},"content":{"rendered":"\t\t<div data-elementor-type=\"wp-page\" data-elementor-id=\"1361\" class=\"elementor elementor-1361\">\n\t\t\t\t\t\t<section class=\"elementor-section elementor-top-section elementor-element elementor-element-1142d1e7 elementor-section-boxed elementor-section-height-default elementor-section-height-default\" data-id=\"1142d1e7\" data-element_type=\"section\" data-e-type=\"section\">\n\t\t\t\t\t\t<div class=\"elementor-container elementor-column-gap-default\">\n\t\t\t\t\t<div class=\"elementor-column elementor-col-100 elementor-top-column elementor-element elementor-element-5c19df82\" data-id=\"5c19df82\" data-element_type=\"column\" data-e-type=\"column\">\n\t\t\t<div class=\"elementor-widget-wrap elementor-element-populated\">\n\t\t\t\t\t\t<div class=\"elementor-element elementor-element-4ce086b elementor-widget elementor-widget-heading\" data-id=\"4ce086b\" data-element_type=\"widget\" data-e-type=\"widget\" data-widget_type=\"heading.default\">\n\t\t\t\t<div class=\"elementor-widget-container\">\n\t\t\t\t\t<h2 class=\"elementor-heading-title elementor-size-default\">Aviso legal <\/h2>\t\t\t\t<\/div>\n\t\t\t\t<\/div>\n\t\t\t\t<div class=\"elementor-element elementor-element-361ac686 elementor-widget elementor-widget-text-editor\" data-id=\"361ac686\" data-element_type=\"widget\" data-e-type=\"widget\" data-widget_type=\"text-editor.default\">\n\t\t\t\t<div class=\"elementor-widget-container\">\n\t\t\t\t\t\t\t\t\t\n<p>\u00a0<\/p>\n<p>Ya s\u00e9 que no es lo m\u00e1s emocionante del mundo leer estos textos legales, pero lo manda la ley del comercio electr\u00f3nico. Adem\u00e1s, son la excusa perfecta para dejar las cosas claras entre nosotros. No lo veas como algo engorroso, estos textos son una protecci\u00f3n de tus derechos como consumidor y como usuario de mi web. Ya me gustar\u00eda poder tener un tono menos formal contigo, pero no puedo.<\/p>\n\n<p>\u00a0<\/p>\n<p>Informaci\u00f3n sobre el propietario legal de la p\u00e1gina montsell.com:<\/p>\n<p><br \/>La que te habla, Montse Monllau.<br \/>Raz\u00f3n social: MONTSERRAT MONLLAU<br \/>Nombre comercial: MONTSELL, MSLL o MONTSE MONLLAU<br \/>NIF: 39710511E<br \/>Direcci\u00f3n: Apodaca, 5A 3-3 Tarragona Espa\u00f1a<br \/>web: montsell.com<br \/>Mail: news@montsell.com<\/p>\n<p>\u00a0<\/p>\n\n<p><strong>El objetivo de esta web<\/strong><br \/>Esta p\u00e1gina web tiene como finalidad presentar los programas y servicios ofrecidos por MONTSERRAT MONLLAU. Mis programas y servicios incluyen asesor\u00eda empresarial, consultor\u00eda de marketing, as\u00ed como la promoci\u00f3n y difusi\u00f3n de venta de publicaciones editoriales de car\u00e1cter cient\u00edfico-t\u00e9cnico creadas por Montse Monllau.<\/p>\n<p>\u00a0<\/p>\n\n<p><strong>Condiciones generales de uso<\/strong><br \/>Las condiciones generales regulan el uso (incluyendo el mero acceso) de las p\u00e1ginas web integrantes del sitio web MONTSELL.COM, incluidos los contenidos y servicios a los que puedes acceder a trav\u00e9s de ellas.<\/p>\n\n<p>Toda persona que acceda a la web se convierte en su \u201cusuario\/a\u201d y acepta someterse a las condiciones generales vigentes en cada momento que se describen en este conjunto de textos legales:<\/p>\n<p>&#8211; Aviso Legal<\/p>\n<p>&#8211; <a href=\"https:\/\/montsell.com\/es\/politica-de-privacidad\/\">Pol\u00edtica de privacidad<\/a><\/p>\n<p>&#8211; <a href=\"https:\/\/montsell.com\/es\/politica-de-cookies\/\">Pol\u00edtica de cookies<\/a><\/p>\n<p>&#8211; <a href=\"https:\/\/montsell.com\/es\/condiciones-de-contratacion\/\">Condiciones generales de contrataci\u00f3n<\/a> y de acceso gratuito a materiales autor\u00eda de Montse Monllau<\/p>\n<p>\u00a0<\/p>\n<ul><\/ul>\n<!-- \/wp:list --><!-- wp:paragraph -->\n<p>Esta web opera en calidad de distribuidora de productos publicados por m\u00ed y que explotan la propiedad intelectual registrada a favor de Montserrat Monllau y genera ingresos a trav\u00e9s de las compras de los mismos que cumplen con los requisitos aplicables.<\/p>\n<p><br \/>Entre otras informaciones sobre mis servicios, en esta web ofrezco a los usuarios enlaces para la adquisici\u00f3n de las publicaciones editoriales de materiales did\u00e1cticos de car\u00e1cter cient\u00edfico-t\u00e9cnico editados por Montserrat Monllau que dan forma a mis programas.<\/p>\n<p><br \/>Todos los precios, condiciones de venta, normas, pol\u00edticas y procedimientos operativos relacionados con los pedidos de los clientes, el servicio de atenci\u00f3n al cliente y las ventas de productos que se encuentran en esta web pueden ser modificados en cualquier momento por la propietaria.<\/p>\n<p>\u00a0<\/p>\n<!-- \/wp:paragraph --><!-- wp:paragraph -->\n<p><strong>Sobre tus datos personales<\/strong><br \/>Tu privacidad como usuario de mi web es un tema muy serio para m\u00ed. Puedes leer toda la informaci\u00f3n sobre el tratamiento de los datos de mis usuarios en las p\u00e1ginas Pol\u00edtica de privacidad y Pol\u00edtica de cookies.<\/p>\n<p>\u00a0<\/p>\n<!-- \/wp:paragraph --><!-- wp:paragraph -->\n<p><strong>Responsabilidad sobre contenidos de terceros<\/strong><br \/>Desde el sitio web montsell.com es posible que se redirija a contenidos de otras p\u00e1ginas web de los que Montserrat Monllau no es responsable. Dado que no es siempre posible controlar los contenidos introducidos por los terceros en sus sitios web, Montserrat Monllau no asume ning\u00fan tipo de responsabilidad respecto a dichos contenidos.<\/p>\n<p><br \/>Montserrat Monllau, tampoco se hace responsable de la informaci\u00f3n y contenidos almacenados, a t\u00edtulo enunciativo, pero no limitativo, en foros, chats, generadores de blogs, comentarios, redes sociales o cualquier otro medio que permita a terceros publicar contenidos de forma independiente en la p\u00e1gina web del prestador. No obstante, y en cumplimiento de lo dispuesto en el art. 11 y 16 de la LSSI-CE, Montserrat Monllau se pone a disposici\u00f3n de todos los usuarios, autoridades y fuerzas de seguridad, y colaborando de forma activa en la retirada o en su caso bloqueo de todos aquellos contenidos que pudieran afectar o contravenir la legislaci\u00f3n nacional, o internacional, derechos de terceros o la moral y el orden p\u00fablico.<\/p>\n<p><br \/>En caso de que el usuario considere que existe en el sitio web alg\u00fan contenido que pudiera ser susceptible de esta clasificaci\u00f3n, se ruega lo notifique de forma inmediata al administrador del sitio web, en la direcci\u00f3n de correo que aparece al principio del presente aviso legal.<br \/>As\u00ed mismo, Montserrat Monllau no se hace responsable de las posibles descargas que puedan realizar terceros de las fotos\/videos que aparecen en esta p\u00e1gina web.<\/p>\n<!-- \/wp:paragraph --><!-- wp:paragraph -->\n<p>Aunque esta web ha sido revisada y probada para que funcione correctamente, no puedo descartar la posibilidad de que existan ciertos errores de programaci\u00f3n, u ocurran causas de fuerza mayor, cat\u00e1strofes naturales, huelgas, o circunstancias semejantes que hagan imposible el acceso a la web.<\/p>\n<p>\u00a0<\/p>\n<!-- \/wp:paragraph --><!-- wp:paragraph -->\n<p><strong>Compromisos y obligaciones del usuario web<\/strong><br \/>Como usuario, debes entender y aceptar que el acceso a la presente web no supone, en modo alguno, el inicio de una relaci\u00f3n comercial con Montserrat Monllau. De esta forma, todo usuario que transite por esta web, se compromete a utilizar el sitio web, sus servicios y contenidos sin contravenir la legislaci\u00f3n vigente, la buena fe y el orden p\u00fablico.<\/p>\n<p>\u00a0<\/p>\n<!-- \/wp:paragraph --><!-- wp:paragraph -->\n<p>Queda prohibido el uso de esta web, con fines il\u00edcitos o lesivos, o que, de cualquier forma, puedan causar perjuicio o impedir el normal funcionamiento del sitio web.<\/p>\n<!-- \/wp:paragraph --><!-- wp:paragraph -->\n<p>Tambi\u00e9n se proh\u00edbe:<\/p>\n<p>&#8211; Su reproducci\u00f3n, distribuci\u00f3n o modificaci\u00f3n, total o parcial, a menos que se cuente con la autorizaci\u00f3n de Montserrat Monllau como leg\u00edtimo titular<\/p>\n<p>&#8211; Cualquier vulneraci\u00f3n de los derechos del prestador o de nosotros como leg\u00edtimo titular<\/p>\n<p>&#8211; Su utilizaci\u00f3n para fines comerciales o publicitarios, sin la autorizaci\u00f3n del responsable<\/p>\n<p>&#8211; Utilizar el Sitio Web y\/o los Contenidos, total o parcialmente, para promocionar, vender, Contratar, divulgar publicidad o informaci\u00f3n propia o de terceras personas sin autorizaci\u00f3n previa y por escrito de Montserrat Monllau, o incluir hiperv\u00ednculos en sus p\u00e1ginas web particulares o comerciales a esta web y\/o a las formaciones ofrecidas por Montserrat Monllau, salvo autorizaci\u00f3n expresa de Montserrat Monllau<\/p>\n<p>&#8211; Utilizar los servicios y materiales ofrecidos a trav\u00e9s de esta p\u00e1gina web y\/o las formaciones de forma contraria a las Condiciones Generales y\/o las Condiciones Particulares que regulen el uso de un determinado servicio y\/o formaci\u00f3n, y en perjuicio o con menoscabo de los derechos del resto de usuarios.<\/p>\n<p>\u00a0<\/p>\n<ul><!-- \/wp:list-item --><\/ul>\n<!-- \/wp:list --><!-- wp:paragraph -->\n<p><strong>Medidas de seguridad<\/strong><br \/>Los datos personales comunicados por el usuario a Montserrat Monllau son almacenados en bases de datos automatizadas (cookies) o no, cuya titularidad corresponde en exclusiva a Montserrat Monllau, asumiendo \u00e9sta todas las medidas de \u00edndole t\u00e9cnica, organizativa y de seguridad que garantizan la confidencialidad, integridad y calidad de la informaci\u00f3n contenida en las mismas de acuerdo con lo establecido en la normativa vigente en protecci\u00f3n de datos.<\/p>\n<p>\u00a0<\/p>\n<!-- \/wp:paragraph --><!-- wp:paragraph -->\n<p><strong>Derechos de propiedad intelectual e industrial<\/strong><br \/>En virtud de lo dispuesto en los art\u00edculos 8 y 32.1, p\u00e1rrafo segundo, de la Ley de Propiedad Intelectual, quedan expresamente prohibidas la reproducci\u00f3n, la distribuci\u00f3n y la comunicaci\u00f3n p\u00fablica, incluida su modalidad de puesta a disposici\u00f3n, de la totalidad o parte de los contenidos de esta p\u00e1gina web, con fines comerciales, en cualquier soporte y por cualquier medio t\u00e9cnico, sin la autorizaci\u00f3n de Montserrat Monllau.<\/p>\n<p><br \/>El usuario se compromete a respetar los derechos de Propiedad Intelectual e Industrial titularidad de Montserrat Monllau.<\/p>\n<p><br \/>Las referencias a nombres y marcas comerciales o registradas, logotipos u otros signos distintivos, ya sean titularidad de Montserrat Monllau o de terceras empresas, llevan impl\u00edcitas la prohibici\u00f3n sobre su uso sin el consentimiento de Montserrat Monllau o de sus leg\u00edtimos propietarios. En ning\u00fan momento, salvo manifestaci\u00f3n expresa, el acceso al o uso de esta web y\/o de los Contenidos, confiere al usuario derecho alguno sobre las marcas, logotipos y\/o signos distintivos all\u00ed incluidos y protegidos por Ley.<\/p>\n<p><br \/>Quedan reservados todos los derechos de propiedad intelectual e industrial y, en particular, queda prohibido modificar, fijar, copiar, reutilizar, explotar de cualquier forma, reproducir, transformar, doblar, subtitular, ceder, vender, alquilar, prestar, comunicar p\u00fablicamente o permitir el acceso del p\u00fablico a trav\u00e9s de cualquier modalidad de comunicaci\u00f3n p\u00fablica, hacer segundas o posteriores publicaciones, cargar archivos, enviar por correo, transmitir, usar, tratar o distribuir de cualquier forma la totalidad o parte de los contenidos, elementos, materiales, informaci\u00f3n y productos en su caso, incluidos en esta web y\/o de los Contenidos para prop\u00f3sitos p\u00fablicos o comerciales, as\u00ed como incluirlos en otro sitio web distinto, si no se cuenta con la autorizaci\u00f3n expresa y por escrito de Montserrat Monllau.<\/p>\n<p><br \/>El usuario conoce y acepta que la totalidad del sitio web, conteniendo sin car\u00e1cter exhaustivo el texto, software, contenidos (incluyendo estructura, selecci\u00f3n, ordenaci\u00f3n y presentaci\u00f3n de los mismos), fotograf\u00edas, material audiovisual y gr\u00e1ficos, est\u00e1 protegida por marcas, derechos de autor y otros derechos leg\u00edtimos, de acuerdo con los tratados internacionales en los que Espa\u00f1a es parte y otros derechos de propiedad y leyes de Espa\u00f1a.<\/p>\n<p><br \/>En consecuencia, no est\u00e1 permitido suprimir, eludir o manipular el aviso de derechos de autor (\u00abcopyright\u00bb) y cualesquiera otros datos de identificaci\u00f3n de los derechos de Montserrat Monllau o de sus respectivos titulares incorporados a los contenidos y\/o servicios, as\u00ed como los dispositivos t\u00e9cnicos de protecci\u00f3n o cualesquiera mecanismos de informaci\u00f3n y\/o de identificaci\u00f3n que pudieren contenerse en los mismos.<\/p>\n<!-- \/wp:paragraph --><!-- wp:paragraph -->\n<p>\u00a0<\/p>\n<p><strong>Ley aplicable y jurisdicci\u00f3n<\/strong><br \/>Los T\u00e9rminos y Condiciones quedan sujetos a la legislaci\u00f3n espa\u00f1ola.<br \/>Los usuarios del sitio Web se someten a la competencia de los tribunales espa\u00f1oles con renuncia expresa a cualquier otro fuero que, conforme a derecho, les pueda corresponder; sin perjuicio de que, debido a la condici\u00f3n de consumidor de un usuario, por imperativo legal pueda ser aplicable otra legislaci\u00f3n o jurisdicci\u00f3n.<\/p>\n<p>\u00a0<\/p>\n<!-- \/wp:paragraph --><!-- wp:paragraph -->\n<p><strong>Contacto<\/strong><br \/>En caso de que t\u00fa o cualquier otro usuario teng\u00e1is alguna duda acerca de estas CONDICIONES LEGALES o cualquier comentario sobre la web montsell.com escr\u00edbeme a news@montsell.com e intentar\u00e9 resolverlas lo mejor posible.<\/p>\n<p>\u00a0<\/p>\n<!-- \/wp:paragraph --><!-- wp:paragraph -->\n<p>Gracias por tu confianza y buenos d\u00edas<br \/>MONTSE MONLLAU<\/p>\n<!-- \/wp:paragraph -->\t\t\t\t\t\t\t\t<\/div>\n\t\t\t\t<\/div>\n\t\t\t\t\t<\/div>\n\t\t<\/div>\n\t\t\t\t\t<\/div>\n\t\t<\/section>\n\t\t\t\t<\/div>\n\t\t","protected":false},"excerpt":{"rendered":"<p>Aviso legal \u00a0 Ya s\u00e9 que no es lo m\u00e1s emocionante del mundo leer estos textos legales, pero lo manda la ley del comercio electr\u00f3nico. Adem\u00e1s, son la excusa perfecta para dejar las cosas claras entre nosotros. No lo veas como algo engorroso, estos textos son una protecci\u00f3n de tus derechos como consumidor y como&hellip; <a class=\"more-link\" href=\"https:\/\/montsell.com\/es\/aviso-legal\/\">Seguir leyendo <span class=\"screen-reader-text\">Aviso legal<\/span><\/a><\/p>\n","protected":false},"author":1,"featured_media":0,"parent":0,"menu_order":0,"comment_status":"closed","ping_status":"closed","template":"","meta":{"om_disable_all_campaigns":false,"_uf_show_specific_survey":0,"_uf_disable_surveys":false,"footnotes":""},"class_list":["post-1361","page","type-page","status-publish","hentry","entry"],"aioseo_notices":[],"_links":{"self":[{"href":"https:\/\/montsell.com\/es\/wp-json\/wp\/v2\/pages\/1361","targetHints":{"allow":["GET"]}}],"collection":[{"href":"https:\/\/montsell.com\/es\/wp-json\/wp\/v2\/pages"}],"about":[{"href":"https:\/\/montsell.com\/es\/wp-json\/wp\/v2\/types\/page"}],"author":[{"embeddable":true,"href":"https:\/\/montsell.com\/es\/wp-json\/wp\/v2\/users\/1"}],"replies":[{"embeddable":true,"href":"https:\/\/montsell.com\/es\/wp-json\/wp\/v2\/comments?post=1361"}],"version-history":[{"count":18,"href":"https:\/\/montsell.com\/es\/wp-json\/wp\/v2\/pages\/1361\/revisions"}],"predecessor-version":[{"id":3019,"href":"https:\/\/montsell.com\/es\/wp-json\/wp\/v2\/pages\/1361\/revisions\/3019"}],"wp:attachment":[{"href":"https:\/\/montsell.com\/es\/wp-json\/wp\/v2\/media?parent=1361"}],"curies":[{"name":"wp","href":"https:\/\/api.w.org\/{rel}","templated":true}]}}